{"id":12,"date":"2023-10-12T22:00:06","date_gmt":"2023-10-12T20:00:06","guid":{"rendered":"http:\/\/wordpress.skiarea-heubach.com\/?page_id=12"},"modified":"2025-12-21T17:20:09","modified_gmt":"2025-12-21T16:20:09","slug":"ein-homepage-abschnitt","status":"publish","type":"page","link":"https:\/\/www.skiarea-heubach.com\/\/ein-homepage-abschnitt\/","title":{"rendered":"Preise Verleih"},"content":{"rendered":"\n<h4 class=\"wp-block-heading\"><em><strong><mark style=\"background-color:rgba(0, 0, 0, 0)\" class=\"has-inline-color has-accent-2-color\">Ski-\/ Snowboardverleih Ganztags<\/mark><\/strong><\/em><\/h4>\n\n\n\n<p>Komplettset (inkl. Helm)<\/p>\n\n\n\n<p><em>09:30 Uhr \u2013 16:30 Uhr oder 21:00 Uhr bei Flutlicht<\/em><\/p>\n\n\n\n<p>Preis:&nbsp;<strong>25,oo Euro<\/strong><\/p>\n\n\n\n<hr class=\"wp-block-separator has-alpha-channel-opacity\"\/>\n\n\n\n<h4 class=\"wp-block-heading\"><strong><em><mark style=\"background-color:rgba(0, 0, 0, 0)\" class=\"has-inline-color has-accent-2-color\">Einzelverleih<\/mark><\/em><\/strong><\/h4>\n\n\n\n<p>Ski&nbsp;<strong>17,oo Euro<\/strong><\/p>\n\n\n\n<p>Snowboard&nbsp;<strong>17,oo Euro<\/strong><\/p>\n\n\n\n<p>Skischuhe&nbsp;<strong>14,oo Euro&nbsp;<\/strong><\/p>\n\n\n\n<p>Boots&nbsp;<strong>14,oo Euro<\/strong><\/p>\n\n\n\n<p>St\u00f6cke&nbsp;<strong>5,oo Euro<\/strong><\/p>\n\n\n\n<p>Helm&nbsp;<strong>10,oo Euro<\/strong><\/p>\n\n\n\n<hr class=\"wp-block-separator has-alpha-channel-opacity\"\/>\n\n\n<div class=\"wp-block-image\">\n<figure class=\"aligncenter size-large is-resized\"><img loading=\"lazy\" decoding=\"async\" width=\"673\" height=\"1250\" src=\"https:\/\/www.skiarea-heubach.com\/wp-content\/uploads\/2025\/12\/01_VD_RB_MainLogo_Blk-673x1250.png\" alt=\"\" class=\"wp-image-1203\" style=\"aspect-ratio:0.5384056449920073;width:83px;height:auto\" srcset=\"https:\/\/www.skiarea-heubach.com\/wp-content\/uploads\/2025\/12\/01_VD_RB_MainLogo_Blk-673x1250.png 673w, https:\/\/www.skiarea-heubach.com\/wp-content\/uploads\/2025\/12\/01_VD_RB_MainLogo_Blk-162x300.png 162w, https:\/\/www.skiarea-heubach.com\/wp-content\/uploads\/2025\/12\/01_VD_RB_MainLogo_Blk-768x1426.png 768w, https:\/\/www.skiarea-heubach.com\/wp-content\/uploads\/2025\/12\/01_VD_RB_MainLogo_Blk-827x1536.png 827w, https:\/\/www.skiarea-heubach.com\/wp-content\/uploads\/2025\/12\/01_VD_RB_MainLogo_Blk.png 1085w\" sizes=\"auto, (max-width: 673px) 100vw, 673px\" \/><\/figure>\n<\/div>\n\n\n<p><strong>**NEU Saison 2025\/2026** Premium-Ski (VAN DEER-Red Bull Sports)<\/strong>     &#8211;     <strong>25,00 Euro<\/strong><\/p>\n\n\n\n<p>\u2013&gt; Ausgabe nur an ge\u00fcbte\/ fortgeschrittene Skifahrer (nicht f\u00fcr den Anf\u00e4ngerbereich)<strong><\/strong><\/p>\n\n\n\n<hr class=\"wp-block-separator has-alpha-channel-opacity\"\/>\n\n\n\n<h4 class=\"wp-block-heading\"><strong><em><mark style=\"background-color:rgba(0, 0, 0, 0)\" class=\"has-inline-color has-accent-2-color\">Mehrtagesverleih<\/mark><\/em><\/strong><\/h4>\n\n\n\n<p>2 Tage Komplettset&nbsp;<strong>46,oo Euro<\/strong><\/p>\n\n\n\n<p>3 Tage Komplettset&nbsp;<strong>69,oo Euro<\/strong>&nbsp; &nbsp;<\/p>\n\n\n\n<p>4 Tage Komplettset&nbsp;<strong>90,oo Euro<\/strong><\/p>\n\n\n\n<p>5 Tage Komplettset&nbsp;<strong>105,oo Euro<\/strong><\/p>\n\n\n\n<p>je weiteren Tag Komplettset&nbsp;<strong>+ 15,oo Euro<\/strong><\/p>\n\n\n\n<hr class=\"wp-block-separator has-alpha-channel-opacity\"\/>\n\n\n\n<p class=\"has-text-align-center\"><strong>Reservieren Sie jetzt Ihre Ausr\u00fcstung f\u00fcr Ihren n\u00e4chsten Winterausflug!<\/strong><\/p>\n\n\n\n<p class=\"has-text-align-center has-large-font-size\"><mark style=\"background-color:rgba(0, 0, 0, 0)\" class=\"has-inline-color has-accent-2-color\"><strong>E-Mail:   verleih@skiarea-heubach.com<\/strong><\/mark><\/p>\n\n\n\n<div class=\"wp-block-buttons is-content-justification-center is-layout-flex wp-container-core-buttons-is-layout-51f7783f wp-block-buttons-is-layout-flex\">\n<div class=\"wp-block-button has-custom-width wp-block-button__width-50 is-style-outline is-style-outline--1\"><a class=\"wp-block-button__link has-normal-font-size has-custom-font-size wp-element-button\" href=\"https:\/\/www.skiarea-heubach.com\/kontaktformular-verleih-service\/\">Kontaktformular Verleih &amp; Service<\/a><\/div>\n<\/div>\n\n\n\n<p class=\"has-text-align-center has-large-font-size\"><strong><mark style=\"background-color:rgba(0, 0, 0, 0)\" class=\"has-inline-color has-accent-2-color\">Telefon:   +49 (0) 36874 387181<\/mark><\/strong><\/p>\n\n\n\n<p><strong>Bitte geben Sie bei der Reservierung <mark style=\"background-color:rgba(0, 0, 0, 0)\" class=\"has-inline-color has-accent-2-color\">folgende Informationen* VOLLST\u00c4NDIG<\/mark> an:<\/strong><\/p>\n\n\n\n<p><strong>Angaben (buchende Person)<\/strong><br><em>NAME:<\/em><br><em>E-MAIL-ADRESSE:<\/em><br><em>R\u00dcCKRUFNUMMER:<\/em><br><em>ART des Kurses oder\/ und Verleihmaterials:<br>DATUM des Kurses oder\/ und Verleihmaterials:<\/em><br><strong>Angaben zu den Kursteilnehmern&#8230; (Bei Personengruppen ben\u00f6tigen wir f\u00fcr <mark style=\"background-color:rgba(0, 0, 0, 0)\" class=\"has-inline-color has-accent-2-color\">jede Person<\/mark> diese Angaben!)<\/strong><br><em>ALTER:<br>GEWICHT:<\/em><br><em>K\u00d6RPERGR\u00d6\u00dfE:<\/em><br><em>FAHRK\u00d6NNEN (*K\u00f6nnerstufen des DSV)<br>SCHUHGR\u00d6\u00dfE:<br><\/em><\/p>\n\n\n\n<p class=\"has-text-align-center\"><em>*<strong>Einsteiger<\/strong>: Hier werden technische Grundfertigkeiten vermittelt, die f\u00fcr alle Bereiche wichtig sind.<br>*<strong>Fortgeschrittene<\/strong>:&nbsp;Hier wird flaches Gel\u00e4nde erobert und verschiedene Bereiche des Ski- und Snowboardfahrens ausprobiert.<br>*<strong>K\u00f6nner<\/strong>:&nbsp;Hier wird in unterschiedlichem Gel\u00e4nde und in unterschiedlichen Bereichen sportlich gefahren.<br>*<strong>Experte<\/strong>:&nbsp;Hier wird auf hohem Niveau in jedem Gel\u00e4nde und in jedem Bereich gefahren.<\/em><\/p>\n\n\n\n<hr class=\"wp-block-separator has-alpha-channel-opacity is-style-default\"\/>\n\n\n\n<p><strong>*Wir ben\u00f6tigen diese Angaben um den Z-Wert (Ausl\u00f6sewert der Skibindung) einzustellen. Es sind Sicherheitsrelevante Daten!<\/strong><br><strong>Weitere Informationen finden sie in unserem Skiverleih am Aushang oder erfahren sie bei unserem freundlichen Personal.<\/strong><\/p>\n\n\n\n<h1 class=\"wp-block-heading has-text-align-center has-large-font-size\"><strong><mark style=\"background-color:rgba(0, 0, 0, 0)\" class=\"has-inline-color has-accent-2-color\">RESERVIERUNGEN F\u00dcR DEN FOLGETAG<\/mark> K\u00d6NNEN <mark style=\"background-color:rgba(0, 0, 0, 0)\" class=\"has-inline-color has-accent-2-color\">NUR BIS 17:00 UHR<\/mark> GARANTIERT BEARBEITET WERDEN!<\/strong><br><strong>WIR BITTEN UM IHR VERST\u00c4NDNIS!<\/strong><\/h1>\n","protected":false},"excerpt":{"rendered":"<p>Ski-\/ Snowboardverleih Ganztags Komplettset (inkl. Helm) 09:30 Uhr \u2013 16:30 Uhr oder 21:00 Uhr bei Flutlicht Preis:&nbsp;25,oo Euro &hellip;<\/p>\n","protected":false},"author":1,"featured_media":1040,"parent":0,"menu_order":0,"comment_status":"closed","ping_status":"closed","template":"","meta":{"footnotes":""},"class_list":["post-12","page","type-page","status-publish","has-post-thumbnail","hentry"],"_links":{"self":[{"href":"https:\/\/www.skiarea-heubach.com\/\/wp-json\/wp\/v2\/pages\/12","targetHints":{"allow":["GET"]}}],"collection":[{"href":"https:\/\/www.skiarea-heubach.com\/\/wp-json\/wp\/v2\/pages"}],"about":[{"href":"https:\/\/www.skiarea-heubach.com\/\/wp-json\/wp\/v2\/types\/page"}],"author":[{"embeddable":true,"href":"https:\/\/www.skiarea-heubach.com\/\/wp-json\/wp\/v2\/users\/1"}],"replies":[{"embeddable":true,"href":"https:\/\/www.skiarea-heubach.com\/\/wp-json\/wp\/v2\/comments?post=12"}],"version-history":[{"count":17,"href":"https:\/\/www.skiarea-heubach.com\/\/wp-json\/wp\/v2\/pages\/12\/revisions"}],"predecessor-version":[{"id":1222,"href":"https:\/\/www.skiarea-heubach.com\/\/wp-json\/wp\/v2\/pages\/12\/revisions\/1222"}],"wp:featuredmedia":[{"embeddable":true,"href":"https:\/\/www.skiarea-heubach.com\/\/wp-json\/wp\/v2\/media\/1040"}],"wp:attachment":[{"href":"https:\/\/www.skiarea-heubach.com\/\/wp-json\/wp\/v2\/media?parent=12"}],"curies":[{"name":"wp","href":"https:\/\/api.w.org\/{rel}","templated":true}]}}