{"id":429,"date":"2023-11-30T23:07:57","date_gmt":"2023-11-30T22:07:57","guid":{"rendered":"http:\/\/wordpress.skiarea-heubach.com\/?page_id=429"},"modified":"2026-01-01T21:51:17","modified_gmt":"2026-01-01T20:51:17","slug":"willkommen-in-unserem-service-center-fuer-winterausruestung","status":"publish","type":"page","link":"https:\/\/www.skiarea-heubach.com\/\/willkommen-in-unserem-service-center-fuer-winterausruestung\/","title":{"rendered":"Schneesportschule"},"content":{"rendered":"\n<hr class=\"wp-block-separator has-alpha-channel-opacity\"\/>\n\n\n\n<p><strong><a href=\"https:\/\/www.skiarea-heubach.com\/preise-schneesportschule\/\">Preise\/ Kurse\/ Zeiten Schneesportschule hier klicken.<\/a><\/strong><\/p>\n\n\n\n<hr class=\"wp-block-separator has-alpha-channel-opacity\"\/>\n\n\n\n<p class=\"has-text-align-center\">Die Schneesportschule der Skiarea Heubach in Th\u00fcringen freut sich darauf, Ihnen die Freude am Skifahren und Snowboarden zu vermitteln. <strong>Sportliche Herausforderung<\/strong> und <strong>Spa\u00df an der Bewegung <\/strong>stehen dabei im Vordergrund.<\/p>\n\n\n\n<p class=\"has-text-align-center\">Wir kombinieren <strong>innovative Lehrmethoden<\/strong> mit bew\u00e4hrten Techniken des alpinen Skilaufs.<\/p>\n\n\n\n<p class=\"has-text-align-center\">Die Skiarea Heubach bietet <strong>ideale Bedingungen<\/strong> f\u00fcr erfolgreiche Kurse vom Ski-Anf\u00e4nger bis zum fortgeschrittenen Snowboarder, der seine Freestyle-Techniken im Th\u00fcringer Wald verfeinern m\u00f6chte.<\/p>\n\n\n\n<p class=\"has-text-align-center\">Unsere <strong>erfahrenen Skilehrer und Snowboardguides<\/strong> werden Sie schnell voranbringen.<\/p>\n\n\n\n<p class=\"has-text-align-center\">Die <strong>gebuchten Kurse beinhalten den Liftpass<\/strong> f\u00fcr unser Kinderlernland oder je nach K\u00f6nnerstufe auch f\u00fcr unseren Doppelschlepplift <strong>f\u00fcr die Dauer des Lehrgangs<\/strong>.<\/p>\n\n\n\n<p class=\"has-text-align-center\">Sie haben die Wahl zwischen einem 90-min\u00fctigen Gruppenkurs am Vormittag oder Nachmittag bzw. einem 180-min\u00fctigen Gruppenkurs sowohl am Vormittag als auch am Nachmittag.<\/p>\n\n\n\n<p class=\"has-text-align-center\">Des Weiteren bieten wir Ihnen die M\u00f6glichkeit, einen 60-min\u00fctigen Privatkurs f\u00fcr sich alleine oder mit einem Freund zu buchen. (Termin individuell nach vorheriger Absprache t\u00e4glich jeweils 09:30 Uhr, 12:15 Uhr &amp; 15:00 Uhr)<\/p>\n\n\n\n<p class=\"has-text-align-center has-large-font-size\">Kursbeginn ist t\u00e4glich um 10:30 Uhr und 13:30 Uhr am Meetingpoint am Kinderlernland.<\/p>\n\n\n\n<p class=\"has-text-align-center\">Unser Schnupperskikurs f\u00fcr Kinder findet ebenfalls t\u00e4glich um 10:00 Uhr und 13:00 Uhr statt. \u00dcbersteigt ihre Gruppe eine Personenanzahl von 10 Teilnehmern k\u00f6nnen Sie gerne direkt bei uns anfragen.<\/p>\n\n\n\n<hr class=\"wp-block-separator has-alpha-channel-opacity\"\/>\n\n\n\n<p class=\"has-text-align-center\"><strong>Buchen Sie jetzt Ihren Ski-\/ Snowboardkurs f\u00fcr Ihren n\u00e4chsten Besuch in der Skiarea Heubach!<\/strong><\/p>\n\n\n\n<p class=\"has-text-align-center has-large-font-size\"><mark style=\"background-color:rgba(0, 0, 0, 0)\" class=\"has-inline-color has-accent-2-color\"><strong>E-Mail:   schule@skiarea-heubach.com<\/strong><\/mark><\/p>\n\n\n\n<div class=\"wp-block-buttons is-content-justification-center is-layout-flex wp-container-core-buttons-is-layout-51f7783f wp-block-buttons-is-layout-flex\">\n<div class=\"wp-block-button has-custom-width wp-block-button__width-50 is-style-fill\"><a class=\"wp-block-button__link has-sitebg-color has-accent-2-background-color has-text-color has-background has-link-color has-normal-font-size has-custom-font-size wp-element-button\" href=\"https:\/\/www.skiarea-heubach.com\/kontaktformular-schneesportschule\/\">Kontaktformular Schneesportschule<\/a><\/div>\n<\/div>\n\n\n\n<p><\/p>\n\n\n\n<p class=\"has-text-align-center has-large-font-size\"><strong><mark style=\"background-color:rgba(0, 0, 0, 0)\" class=\"has-inline-color has-accent-2-color\">Telefon:   +49 (0) 36874 387181<\/mark><\/strong><\/p>\n\n\n\n<p><strong>Bitte geben Sie bei der Reservierung <mark style=\"background-color:rgba(0, 0, 0, 0)\" class=\"has-inline-color has-accent-2-color\">folgende Informationen* VOLLST\u00c4NDIG<\/mark> an:<\/strong><\/p>\n\n\n\n<p><strong>Angaben (buchende Person)<\/strong><br><em>NAME:<\/em><br><em>E-MAIL-ADRESSE:<\/em><br><em>R\u00dcCKRUFNUMMER:<\/em><br><em>ART des Kurses oder\/ und Verleihmaterials:<br>DATUM des Kurses oder\/ und Verleihmaterials:<\/em><br><strong>Angaben zu den Kursteilnehmern&#8230; (Bei Personengruppen ben\u00f6tigen wir f\u00fcr <mark style=\"background-color:rgba(0, 0, 0, 0)\" class=\"has-inline-color has-accent-2-color\">jede Person<\/mark> diese Angaben!)<\/strong><br><em>ALTER:<br>GEWICHT:<\/em><br><em>K\u00d6RPERGR\u00d6\u00dfE:<\/em><br><em>FAHRK\u00d6NNEN (*K\u00f6nnerstufen des DSV)<br>SCHUHGR\u00d6\u00dfE:<br><\/em><\/p>\n\n\n\n<p class=\"has-text-align-center\"><em>*<strong>Einsteiger<\/strong>: Hier werden technische Grundfertigkeiten vermittelt, die f\u00fcr alle Bereiche wichtig sind.<br>*<strong>Fortgeschrittene<\/strong>:&nbsp;Hier wird flaches Gel\u00e4nde erobert und verschiedene Bereiche des Ski- und Snowboardfahrens ausprobiert.<br>*<strong>K\u00f6nner<\/strong>:&nbsp;Hier wird in unterschiedlichem Gel\u00e4nde und in unterschiedlichen Bereichen sportlich gefahren.<br>*<strong>Experte<\/strong>:&nbsp;Hier wird auf hohem Niveau in jedem Gel\u00e4nde und in jedem Bereich gefahren.<\/em><\/p>\n\n\n\n<hr class=\"wp-block-separator has-alpha-channel-opacity is-style-default\"\/>\n\n\n\n<p><strong>*Wir ben\u00f6tigen diese Angaben um den Z-Wert (Ausl\u00f6sewert der Skibindung) einzustellen. Es sind Sicherheitsrelevante Daten!<\/strong><br><strong>Weitere Informationen finden sie in unserem Skiverleih am Aushang oder erfahren sie bei unserem freundlichen Personal.<\/strong><\/p>\n\n\n\n<h1 class=\"wp-block-heading has-text-align-center has-large-font-size\"><strong><mark style=\"background-color:rgba(0, 0, 0, 0)\" class=\"has-inline-color has-accent-2-color\">RESERVIERUNGEN F\u00dcR DEN FOLGETAG<\/mark> K\u00d6NNEN <mark style=\"background-color:rgba(0, 0, 0, 0)\" class=\"has-inline-color has-accent-2-color\">NUR BIS 17:00 UHR<\/mark> GARANTIERT BEARBEITET WERDEN!<\/strong><br><strong>WIR BITTEN UM IHR VERST\u00c4NDNIS!<\/strong><\/h1>\n","protected":false},"excerpt":{"rendered":"<p>Preise\/ Kurse\/ Zeiten Schneesportschule hier klicken. Die Schneesportschule der Skiarea Heubach in Th\u00fcringen freut sich darauf, Ihnen die &hellip;<\/p>\n","protected":false},"author":1,"featured_media":414,"parent":0,"menu_order":0,"comment_status":"closed","ping_status":"closed","template":"","meta":{"footnotes":""},"class_list":["post-429","page","type-page","status-publish","has-post-thumbnail","hentry"],"_links":{"self":[{"href":"https:\/\/www.skiarea-heubach.com\/\/wp-json\/wp\/v2\/pages\/429","targetHints":{"allow":["GET"]}}],"collection":[{"href":"https:\/\/www.skiarea-heubach.com\/\/wp-json\/wp\/v2\/pages"}],"about":[{"href":"https:\/\/www.skiarea-heubach.com\/\/wp-json\/wp\/v2\/types\/page"}],"author":[{"embeddable":true,"href":"https:\/\/www.skiarea-heubach.com\/\/wp-json\/wp\/v2\/users\/1"}],"replies":[{"embeddable":true,"href":"https:\/\/www.skiarea-heubach.com\/\/wp-json\/wp\/v2\/comments?post=429"}],"version-history":[{"count":30,"href":"https:\/\/www.skiarea-heubach.com\/\/wp-json\/wp\/v2\/pages\/429\/revisions"}],"predecessor-version":[{"id":1296,"href":"https:\/\/www.skiarea-heubach.com\/\/wp-json\/wp\/v2\/pages\/429\/revisions\/1296"}],"wp:featuredmedia":[{"embeddable":true,"href":"https:\/\/www.skiarea-heubach.com\/\/wp-json\/wp\/v2\/media\/414"}],"wp:attachment":[{"href":"https:\/\/www.skiarea-heubach.com\/\/wp-json\/wp\/v2\/media?parent=429"}],"curies":[{"name":"wp","href":"https:\/\/api.w.org\/{rel}","templated":true}]}}