{"id":438,"date":"2023-11-30T23:30:30","date_gmt":"2023-11-30T22:30:30","guid":{"rendered":"http:\/\/wordpress.skiarea-heubach.com\/?page_id=438"},"modified":"2023-12-08T10:42:35","modified_gmt":"2023-12-08T09:42:35","slug":"kontaktformular-schneesportschule","status":"publish","type":"page","link":"https:\/\/www.skiarea-heubach.com\/\/kontaktformular-schneesportschule\/","title":{"rendered":"Kontaktformular Schneesportschule"},"content":{"rendered":"\n<div class=\"wpcf7 no-js\" id=\"wpcf7-f570-o1\" lang=\"de-DE\" dir=\"ltr\" data-wpcf7-id=\"570\">\n<div class=\"screen-reader-response\"><p role=\"status\" aria-live=\"polite\" aria-atomic=\"true\"><\/p> <ul><\/ul><\/div>\n<form action=\"\/wp-json\/wp\/v2\/pages\/438#wpcf7-f570-o1\" method=\"post\" class=\"wpcf7-form init\" aria-label=\"Kontaktformular\" novalidate=\"novalidate\" data-status=\"init\">\n<fieldset class=\"hidden-fields-container\"><input type=\"hidden\" name=\"_wpcf7\" value=\"570\" \/><input type=\"hidden\" name=\"_wpcf7_version\" value=\"6.1.5\" \/><input type=\"hidden\" name=\"_wpcf7_locale\" value=\"de_DE\" \/><input type=\"hidden\" name=\"_wpcf7_unit_tag\" value=\"wpcf7-f570-o1\" \/><input type=\"hidden\" name=\"_wpcf7_container_post\" value=\"0\" \/><input type=\"hidden\" name=\"_wpcf7_posted_data_hash\" value=\"\" \/><input type=\"hidden\" name=\"_wpcf7_recaptcha_response\" value=\"\" \/>\n<\/fieldset>\n<p><label> Dein Name<br \/>\n<span class=\"wpcf7-form-control-wrap\" data-name=\"your-name\"><input size=\"40\" maxlength=\"400\" class=\"wpcf7-form-control wpcf7-text wpcf7-validates-as-required\" autocomplete=\"name\" aria-required=\"true\" aria-invalid=\"false\" value=\"\" type=\"text\" name=\"your-name\" \/><\/span> <\/label>\n<\/p>\n<p><label> Deine E-Mail-Adresse<br \/>\n<span class=\"wpcf7-form-control-wrap\" data-name=\"your-email\"><input size=\"40\" maxlength=\"400\" class=\"wpcf7-form-control wpcf7-email wpcf7-validates-as-required wpcf7-text wpcf7-validates-as-email\" autocomplete=\"email\" aria-required=\"true\" aria-invalid=\"false\" value=\"\" type=\"email\" name=\"your-email\" \/><\/span> <\/label>\n<\/p>\n<p><label> Deine R\u00fcckrufnummer<br \/>\n<span class=\"wpcf7-form-control-wrap\" data-name=\"tel-319\"><input size=\"40\" maxlength=\"400\" class=\"wpcf7-form-control wpcf7-tel wpcf7-text wpcf7-validates-as-tel\" aria-invalid=\"false\" value=\"\" type=\"tel\" name=\"tel-319\" \/><\/span> <\/label>\n<\/p>\n<p><label> Betreff<br \/>\n<span class=\"wpcf7-form-control-wrap\" data-name=\"your-subject\"><input size=\"40\" maxlength=\"400\" class=\"wpcf7-form-control wpcf7-text wpcf7-validates-as-required\" aria-required=\"true\" aria-invalid=\"false\" value=\"\" type=\"text\" name=\"your-subject\" \/><\/span> <\/label>\n<\/p>\n<p><label> Kurs-\/ Verleihzeitraum (vom ... bis zum ...)<br \/>\n<span class=\"wpcf7-form-control-wrap\" data-name=\"date-526\"><input class=\"wpcf7-form-control wpcf7-date wpcf7-validates-as-required wpcf7-validates-as-date\" min=\"2023-12-06\" aria-required=\"true\" aria-invalid=\"false\" value=\"Kurs-\/ Ausleihe Beginn\" type=\"date\" name=\"date-526\" \/><\/span> <span class=\"wpcf7-form-control-wrap\" data-name=\"date-424\"><input class=\"wpcf7-form-control wpcf7-date wpcf7-validates-as-required wpcf7-validates-as-date\" aria-required=\"true\" aria-invalid=\"false\" value=\"Kurs-\/ Verleih Ende\" type=\"date\" name=\"date-424\" \/><\/span> <\/label>\n<\/p>\n<p><label> Angaben zur Einstellung der Verleihmaterials und Kurszuordnung<br \/>\n(Bitte vollst\u00e4ndig f\u00fcr jede Person angeben!)*<br \/>\n<span class=\"wpcf7-form-control-wrap\" data-name=\"textarea-356\"><textarea cols=\"40\" rows=\"10\" maxlength=\"2000\" class=\"wpcf7-form-control wpcf7-textarea wpcf7-validates-as-required\" aria-required=\"true\" aria-invalid=\"false\" placeholder=\"z.B. Alter, Gewicht, K\u00f6rpergr\u00f6\u00dfe, Fahrk\u00f6nnen (Einsteiger\/Fortgeschrittene\/K\u00f6nner\/Experte), Schuhgr\u00f6\u00dfe (Sohlenl\u00e4nge)\" name=\"textarea-356\"><\/textarea><\/span><\/label>\n<\/p>\n<p><span class=\"wpcf7-form-control-wrap\" data-name=\"acceptance-365\"><span class=\"wpcf7-form-control wpcf7-acceptance\"><span class=\"wpcf7-list-item\"><label><input type=\"checkbox\" name=\"acceptance-365\" value=\"1\" aria-invalid=\"false\" \/><span class=\"wpcf7-list-item-label\">Ich stimme der Datenverarbeitung laut Datenschutzerkl\u00e4rung zu.<\/span><\/label><\/span><\/span><\/span>\n<\/p>\n<p><input class=\"wpcf7-form-control wpcf7-submit has-spinner\" type=\"submit\" value=\"Senden\" \/>\n<\/p><div class=\"wpcf7-response-output\" aria-hidden=\"true\"><\/div>\n<\/form>\n<\/div>\n\n\n\n\n<p style=\"font-size:12px;text-transform:capitalize\">*<strong>Angaben zu den Kursteilnehmern&#8230; (Bei Personengruppen ben\u00f6tigen wir f\u00fcr <mark style=\"background-color:rgba(0, 0, 0, 0)\" class=\"has-inline-color has-accent-2-color\">jede Person<\/mark> diese Angaben!)<\/strong><br>Alter\/ Gewicht\/ K\u00f6rpergr\u00f6\u00dfe\/ Fahrk\u00f6nnen (<em>Einsteiger, Fortgeschrittene, K\u00f6nner)\/ Schuhgr\u00f6\u00dfe<\/em><\/p>\n","protected":false},"excerpt":{"rendered":"<p>*Angaben zu den Kursteilnehmern&#8230; (Bei Personengruppen ben\u00f6tigen wir f\u00fcr jede Person diese Angaben!)Alter\/ Gewicht\/ K\u00f6rpergr\u00f6\u00dfe\/ Fahrk\u00f6nnen (Einsteiger, Fortgeschrittene, &hellip;<\/p>\n","protected":false},"author":1,"featured_media":414,"parent":0,"menu_order":0,"comment_status":"closed","ping_status":"closed","template":"","meta":{"footnotes":""},"class_list":["post-438","page","type-page","status-publish","has-post-thumbnail","hentry"],"_links":{"self":[{"href":"https:\/\/www.skiarea-heubach.com\/\/wp-json\/wp\/v2\/pages\/438","targetHints":{"allow":["GET"]}}],"collection":[{"href":"https:\/\/www.skiarea-heubach.com\/\/wp-json\/wp\/v2\/pages"}],"about":[{"href":"https:\/\/www.skiarea-heubach.com\/\/wp-json\/wp\/v2\/types\/page"}],"author":[{"embeddable":true,"href":"https:\/\/www.skiarea-heubach.com\/\/wp-json\/wp\/v2\/users\/1"}],"replies":[{"embeddable":true,"href":"https:\/\/www.skiarea-heubach.com\/\/wp-json\/wp\/v2\/comments?post=438"}],"version-history":[{"count":9,"href":"https:\/\/www.skiarea-heubach.com\/\/wp-json\/wp\/v2\/pages\/438\/revisions"}],"predecessor-version":[{"id":630,"href":"https:\/\/www.skiarea-heubach.com\/\/wp-json\/wp\/v2\/pages\/438\/revisions\/630"}],"wp:featuredmedia":[{"embeddable":true,"href":"https:\/\/www.skiarea-heubach.com\/\/wp-json\/wp\/v2\/media\/414"}],"wp:attachment":[{"href":"https:\/\/www.skiarea-heubach.com\/\/wp-json\/wp\/v2\/media?parent=438"}],"curies":[{"name":"wp","href":"https:\/\/api.w.org\/{rel}","templated":true}]}}